{"id":720,"date":"2022-03-18T12:53:32","date_gmt":"2022-03-18T12:53:32","guid":{"rendered":"http:\/\/emideira.lt\/?page_id=720"},"modified":"2022-04-26T12:52:15","modified_gmt":"2022-04-26T12:52:15","slug":"contacts","status":"publish","type":"page","link":"https:\/\/emideira.lt\/en\/contacts\/","title":{"rendered":"Contacts"},"content":{"rendered":"\t<section class=\"section\" id=\"section_1211430700\">\n\t\t<div class=\"bg section-bg fill bg-fill  bg-loaded\" >\n\n\t\t\t\n\t\t\t\n\t\t\t\n\n\t\t<\/div>\n\n\t\t\n\n\t\t<div class=\"section-content relative\">\n\t\t\t\n\t<div id=\"gap-584789252\" class=\"gap-element clearfix\" style=\"display:block; height:auto;\">\n\t\t\n<style>\n#gap-584789252 {\n  padding-top: 30px;\n}\n<\/style>\n\t<\/div>\n\t\n\t<div id=\"text-3249683613\" class=\"text\">\n\t\t\n<h1>Contacts<\/h1>\n\t\t\n<style>\n#text-3249683613 {\n  text-align: center;\n}\n<\/style>\n\t<\/div>\n\t\n\t<div id=\"gap-35171939\" class=\"gap-element clearfix\" style=\"display:block; height:auto;\">\n\t\t\n<style>\n#gap-35171939 {\n  padding-top: 30px;\n}\n<\/style>\n\t<\/div>\n\t\n<div class=\"row row-large row-divided smaller-font\" style=\"max-width:90%\" id=\"row-64499321\">\n\n\t<div id=\"col-1394307487\" class=\"col medium-4 small-12 large-4\"  >\n\t\t\t\t<div class=\"col-inner\"  >\n\t\t\t\n\t\t\t\n<h4 class=\"uppercase\">Production<\/h4>\n<div class=\"is-divider divider clearfix\" style=\"margin-top:0.7em;margin-bottom:0.7em;max-width:100%;height:5px;background-color:rgb(0, 68, 57);\"><\/div>\n<p>CEO:<br \/>\n<strong>\u017dilvinas Dakinevi\u010dius<\/strong><\/p>\n\n\t\t<div class=\"icon-box featured-box icon-box-left text-left\"  >\n\t\t\t\t\t<div class=\"icon-box-img\" style=\"width: 20px\">\n\t\t\t\t<div class=\"icon\">\n\t\t\t\t\t<div class=\"icon-inner\" style=\"color:rgb(0, 68, 57);\">\n\t\t\t\t\t\t<svg xmlns=\"http:\/\/www.w3.org\/2000\/svg\" width=\"19.259\" height=\"19.299\" viewBox=\"0 0 19.259 19.299\">\r\n  <path id=\"Subtraction_5\" data-name=\"Subtraction 5\" d=\"M-7122.4,29.294a9.56,9.56,0,0,1-4.448-1.431,23.459,23.459,0,0,1-4.944-3.839,20.757,20.757,0,0,1-4.58-6.533c-.912-2.249-.863-4.069.138-5.123l.011-.011,1.718-1.718a2.236,2.236,0,0,1,1.6-.645,2.485,2.485,0,0,1,1.634.618l.028.027,2.531,2.531a2.289,2.289,0,0,1,.609,2.184,2.177,2.177,0,0,1-1.472,1.576,1.153,1.153,0,0,0-.624.525.9.9,0,0,0-.091.734l.007.023.007.025a7.306,7.306,0,0,0,4.272,4.276,1.113,1.113,0,0,0,.233.023,1.13,1.13,0,0,0,1.077-.725,2.214,2.214,0,0,1,2.135-1.539,2.283,2.283,0,0,1,1.625.675l2.533,2.533a2.228,2.228,0,0,1,.643,1.594,2.475,2.475,0,0,1-.618,1.634l-.025.029-1.718,1.718A3.1,3.1,0,0,1-7122.4,29.294Zm-10.509-18.145a1.089,1.089,0,0,0-.779.306l-1.712,1.712c-.657.7-.622,2.115.1,3.892a19.621,19.621,0,0,0,4.328,6.149,22.228,22.228,0,0,0,4.695,3.649,8.468,8.468,0,0,0,3.882,1.283,1.985,1.985,0,0,0,1.459-.5l1.706-1.7a1.235,1.235,0,0,0,.014-1.641l-2.533-2.533a1.139,1.139,0,0,0-.81-.339,1.068,1.068,0,0,0-1.036.734l0,.013a2.3,2.3,0,0,1-2.173,1.519,2.234,2.234,0,0,1-.489-.054l-.015,0a7.37,7.37,0,0,1-3.125-1.958,7.188,7.188,0,0,1-1.992-3.147,2.034,2.034,0,0,1,.188-1.637,2.317,2.317,0,0,1,1.27-1.055l.013-.005a1.02,1.02,0,0,0,.7-.756,1.138,1.138,0,0,0-.3-1.089l-2.517-2.517A1.329,1.329,0,0,0-7132.913,11.149Z\" transform=\"translate(7137.025 -9.995)\" fill=\"#fff\"\/>\r\n<\/svg>\r\n\t\t\t\t\t<\/div>\n\t\t\t\t<\/div>\n\t\t\t<\/div>\n\t\t\t\t<div class=\"icon-box-text last-reset\">\n\t\t\t\t\t\t\t\t\t\n<p>Phone: <strong><a href=\"call:+370 614 08406\">+370 614 08406<\/a><\/strong><\/p>\n\t\t<\/div>\n\t<\/div>\n\t\n\t\n\t<div id=\"gap-796331155\" class=\"gap-element clearfix\" style=\"display:block; height:auto;\">\n\t\t\n<style>\n#gap-796331155 {\n  padding-top: 10px;\n}\n<\/style>\n\t<\/div>\n\t\n\n\t\t<div class=\"icon-box featured-box icon-box-left text-left\"  >\n\t\t\t\t\t<div class=\"icon-box-img\" style=\"width: 20px\">\n\t\t\t\t<div class=\"icon\">\n\t\t\t\t\t<div class=\"icon-inner\" style=\"color:rgb(0, 68, 57);\">\n\t\t\t\t\t\t<svg xmlns=\"http:\/\/www.w3.org\/2000\/svg\" width=\"24.17\" height=\"15.696\" viewBox=\"0 0 24.17 15.696\">\r\n  <path id=\"envelope\" d=\"M0,.5V16.2H24.17V.5ZM22.1,1.916,12.085,9.774,2.065,1.916ZM1.416,14.78V3.207l10.669,8.367L22.754,3.207V14.78Zm0,0\" transform=\"translate(0 -0.5)\" fill=\"#fff\"\/>\r\n<\/svg>\r\n\t\t\t\t\t<\/div>\n\t\t\t\t<\/div>\n\t\t\t<\/div>\n\t\t\t\t<div class=\"icon-box-text last-reset\">\n\t\t\t\t\t\t\t\t\t\n<p>E-mail: <strong><a href=\"mailto: zilvinas@emideira.lt\">zilvinas@emideira.lt<\/a><\/strong><\/p>\n\t\t<\/div>\n\t<\/div>\n\t\n\t\n\t<div id=\"gap-198873303\" class=\"gap-element clearfix\" style=\"display:block; height:auto;\">\n\t\t\n<style>\n#gap-198873303 {\n  padding-top: 10px;\n}\n<\/style>\n\t<\/div>\n\t\n\n\t\t<div class=\"icon-box featured-box icon-box-left text-left\"  >\n\t\t\t\t\t<div class=\"icon-box-img\" style=\"width: 20px\">\n\t\t\t\t<div class=\"icon\">\n\t\t\t\t\t<div class=\"icon-inner\" style=\"color:rgb(0, 68, 57);\">\n\t\t\t\t\t\t<img loading=\"lazy\" decoding=\"async\" width=\"216\" height=\"300\" src=\"https:\/\/emideira.lt\/wp-content\/uploads\/2022\/03\/location.svg\" class=\"attachment-medium size-medium\" alt=\"\" \/>\t\t\t\t\t<\/div>\n\t\t\t\t<\/div>\n\t\t\t<\/div>\n\t\t\t\t<div class=\"icon-box-text last-reset\">\n\t\t\t\t\t\t\t\t\t\n<p>Address: <strong>Vairuotoj\u0173 g. 6B, Skriaud\u017eiai,\u00a0LT-59276 Prien\u0173 raj.<\/strong><\/p>\n\t\t<\/div>\n\t<\/div>\n\t\n\t\n\t\t<\/div>\n\t\t\t\t\n<style>\n#col-1394307487 > .col-inner {\n  padding: 0px 0px 30px 0px;\n}\n<\/style>\n\t<\/div>\n\n\t\n\n\t<div id=\"col-298539313\" class=\"col medium-4 small-12 large-4\"  >\n\t\t\t\t<div class=\"col-inner\"  >\n\t\t\t\n\t\t\t\n<h4 class=\"uppercase\">International sales<\/h4>\n<div class=\"is-divider divider clearfix\" style=\"margin-top:0.7em;margin-bottom:0.7em;max-width:100%;height:5px;background-color:rgb(0, 68, 57);\"><\/div>\n<p> Head of sales:<br \/>\n<strong>Au\u0161ra Dakinevi\u010dien\u0117<\/strong><\/p>\n\n\t\t<div class=\"icon-box featured-box icon-box-left text-left\"  >\n\t\t\t\t\t<div class=\"icon-box-img\" style=\"width: 20px\">\n\t\t\t\t<div class=\"icon\">\n\t\t\t\t\t<div class=\"icon-inner\" style=\"color:rgb(0, 68, 57);\">\n\t\t\t\t\t\t<svg xmlns=\"http:\/\/www.w3.org\/2000\/svg\" width=\"19.259\" height=\"19.299\" viewBox=\"0 0 19.259 19.299\">\r\n  <path id=\"Subtraction_5\" data-name=\"Subtraction 5\" d=\"M-7122.4,29.294a9.56,9.56,0,0,1-4.448-1.431,23.459,23.459,0,0,1-4.944-3.839,20.757,20.757,0,0,1-4.58-6.533c-.912-2.249-.863-4.069.138-5.123l.011-.011,1.718-1.718a2.236,2.236,0,0,1,1.6-.645,2.485,2.485,0,0,1,1.634.618l.028.027,2.531,2.531a2.289,2.289,0,0,1,.609,2.184,2.177,2.177,0,0,1-1.472,1.576,1.153,1.153,0,0,0-.624.525.9.9,0,0,0-.091.734l.007.023.007.025a7.306,7.306,0,0,0,4.272,4.276,1.113,1.113,0,0,0,.233.023,1.13,1.13,0,0,0,1.077-.725,2.214,2.214,0,0,1,2.135-1.539,2.283,2.283,0,0,1,1.625.675l2.533,2.533a2.228,2.228,0,0,1,.643,1.594,2.475,2.475,0,0,1-.618,1.634l-.025.029-1.718,1.718A3.1,3.1,0,0,1-7122.4,29.294Zm-10.509-18.145a1.089,1.089,0,0,0-.779.306l-1.712,1.712c-.657.7-.622,2.115.1,3.892a19.621,19.621,0,0,0,4.328,6.149,22.228,22.228,0,0,0,4.695,3.649,8.468,8.468,0,0,0,3.882,1.283,1.985,1.985,0,0,0,1.459-.5l1.706-1.7a1.235,1.235,0,0,0,.014-1.641l-2.533-2.533a1.139,1.139,0,0,0-.81-.339,1.068,1.068,0,0,0-1.036.734l0,.013a2.3,2.3,0,0,1-2.173,1.519,2.234,2.234,0,0,1-.489-.054l-.015,0a7.37,7.37,0,0,1-3.125-1.958,7.188,7.188,0,0,1-1.992-3.147,2.034,2.034,0,0,1,.188-1.637,2.317,2.317,0,0,1,1.27-1.055l.013-.005a1.02,1.02,0,0,0,.7-.756,1.138,1.138,0,0,0-.3-1.089l-2.517-2.517A1.329,1.329,0,0,0-7132.913,11.149Z\" transform=\"translate(7137.025 -9.995)\" fill=\"#fff\"\/>\r\n<\/svg>\r\n\t\t\t\t\t<\/div>\n\t\t\t\t<\/div>\n\t\t\t<\/div>\n\t\t\t\t<div class=\"icon-box-text last-reset\">\n\t\t\t\t\t\t\t\t\t\n<p>Phone: <strong><a href=\"call:+370 611 51965\">+370 611 51965<\/a><\/strong><\/p>\n\t\t<\/div>\n\t<\/div>\n\t\n\t\n\t<div id=\"gap-259270474\" class=\"gap-element clearfix\" style=\"display:block; height:auto;\">\n\t\t\n<style>\n#gap-259270474 {\n  padding-top: 10px;\n}\n<\/style>\n\t<\/div>\n\t\n\n\t\t<div class=\"icon-box featured-box icon-box-left text-left\"  >\n\t\t\t\t\t<div class=\"icon-box-img\" style=\"width: 20px\">\n\t\t\t\t<div class=\"icon\">\n\t\t\t\t\t<div class=\"icon-inner\" style=\"color:rgb(0, 68, 57);\">\n\t\t\t\t\t\t<svg xmlns=\"http:\/\/www.w3.org\/2000\/svg\" width=\"24.17\" height=\"15.696\" viewBox=\"0 0 24.17 15.696\">\r\n  <path id=\"envelope\" d=\"M0,.5V16.2H24.17V.5ZM22.1,1.916,12.085,9.774,2.065,1.916ZM1.416,14.78V3.207l10.669,8.367L22.754,3.207V14.78Zm0,0\" transform=\"translate(0 -0.5)\" fill=\"#fff\"\/>\r\n<\/svg>\r\n\t\t\t\t\t<\/div>\n\t\t\t\t<\/div>\n\t\t\t<\/div>\n\t\t\t\t<div class=\"icon-box-text last-reset\">\n\t\t\t\t\t\t\t\t\t\n<p>E-mail: <strong><a href=\"mailto:ausra@emideira.lt\">ausra@emideira.lt<\/a><\/strong><\/p>\n\t\t<\/div>\n\t<\/div>\n\t\n\t\n\t<div id=\"gap-497043774\" class=\"gap-element clearfix\" style=\"display:block; height:auto;\">\n\t\t\n<style>\n#gap-497043774 {\n  padding-top: 30px;\n}\n<\/style>\n\t<\/div>\n\t\n<p>Sales and marketing manager:<br \/>\n<strong>Tomas Petru\u0161kevi\u010dius<\/strong><\/p>\n\n\t\t<div class=\"icon-box featured-box icon-box-left text-left\"  >\n\t\t\t\t\t<div class=\"icon-box-img\" style=\"width: 20px\">\n\t\t\t\t<div class=\"icon\">\n\t\t\t\t\t<div class=\"icon-inner\" style=\"color:rgb(0, 68, 57);\">\n\t\t\t\t\t\t<svg xmlns=\"http:\/\/www.w3.org\/2000\/svg\" width=\"19.259\" height=\"19.299\" viewBox=\"0 0 19.259 19.299\">\r\n  <path id=\"Subtraction_5\" data-name=\"Subtraction 5\" d=\"M-7122.4,29.294a9.56,9.56,0,0,1-4.448-1.431,23.459,23.459,0,0,1-4.944-3.839,20.757,20.757,0,0,1-4.58-6.533c-.912-2.249-.863-4.069.138-5.123l.011-.011,1.718-1.718a2.236,2.236,0,0,1,1.6-.645,2.485,2.485,0,0,1,1.634.618l.028.027,2.531,2.531a2.289,2.289,0,0,1,.609,2.184,2.177,2.177,0,0,1-1.472,1.576,1.153,1.153,0,0,0-.624.525.9.9,0,0,0-.091.734l.007.023.007.025a7.306,7.306,0,0,0,4.272,4.276,1.113,1.113,0,0,0,.233.023,1.13,1.13,0,0,0,1.077-.725,2.214,2.214,0,0,1,2.135-1.539,2.283,2.283,0,0,1,1.625.675l2.533,2.533a2.228,2.228,0,0,1,.643,1.594,2.475,2.475,0,0,1-.618,1.634l-.025.029-1.718,1.718A3.1,3.1,0,0,1-7122.4,29.294Zm-10.509-18.145a1.089,1.089,0,0,0-.779.306l-1.712,1.712c-.657.7-.622,2.115.1,3.892a19.621,19.621,0,0,0,4.328,6.149,22.228,22.228,0,0,0,4.695,3.649,8.468,8.468,0,0,0,3.882,1.283,1.985,1.985,0,0,0,1.459-.5l1.706-1.7a1.235,1.235,0,0,0,.014-1.641l-2.533-2.533a1.139,1.139,0,0,0-.81-.339,1.068,1.068,0,0,0-1.036.734l0,.013a2.3,2.3,0,0,1-2.173,1.519,2.234,2.234,0,0,1-.489-.054l-.015,0a7.37,7.37,0,0,1-3.125-1.958,7.188,7.188,0,0,1-1.992-3.147,2.034,2.034,0,0,1,.188-1.637,2.317,2.317,0,0,1,1.27-1.055l.013-.005a1.02,1.02,0,0,0,.7-.756,1.138,1.138,0,0,0-.3-1.089l-2.517-2.517A1.329,1.329,0,0,0-7132.913,11.149Z\" transform=\"translate(7137.025 -9.995)\" fill=\"#fff\"\/>\r\n<\/svg>\r\n\t\t\t\t\t<\/div>\n\t\t\t\t<\/div>\n\t\t\t<\/div>\n\t\t\t\t<div class=\"icon-box-text last-reset\">\n\t\t\t\t\t\t\t\t\t\n<p>Phone: <strong><a href=\"call:+370 63840034\">+370 63840034<\/a><\/strong><\/p>\n\t\t<\/div>\n\t<\/div>\n\t\n\t\n\t<div id=\"gap-186484271\" class=\"gap-element clearfix\" style=\"display:block; height:auto;\">\n\t\t\n<style>\n#gap-186484271 {\n  padding-top: 10px;\n}\n<\/style>\n\t<\/div>\n\t\n\n\t\t<div class=\"icon-box featured-box icon-box-left text-left\"  >\n\t\t\t\t\t<div class=\"icon-box-img\" style=\"width: 20px\">\n\t\t\t\t<div class=\"icon\">\n\t\t\t\t\t<div class=\"icon-inner\" style=\"color:rgb(0, 68, 57);\">\n\t\t\t\t\t\t<svg xmlns=\"http:\/\/www.w3.org\/2000\/svg\" width=\"24.17\" height=\"15.696\" viewBox=\"0 0 24.17 15.696\">\r\n  <path id=\"envelope\" d=\"M0,.5V16.2H24.17V.5ZM22.1,1.916,12.085,9.774,2.065,1.916ZM1.416,14.78V3.207l10.669,8.367L22.754,3.207V14.78Zm0,0\" transform=\"translate(0 -0.5)\" fill=\"#fff\"\/>\r\n<\/svg>\r\n\t\t\t\t\t<\/div>\n\t\t\t\t<\/div>\n\t\t\t<\/div>\n\t\t\t\t<div class=\"icon-box-text last-reset\">\n\t\t\t\t\t\t\t\t\t\n<p>E-mail: <strong><a href=\"mailto:tomas@emideira.lt\">tomas@emideira.lt<\/a><\/strong><\/p>\n\t\t<\/div>\n\t<\/div>\n\t\n\t\n\t\t<\/div>\n\t\t\t\t\n<style>\n#col-298539313 > .col-inner {\n  padding: 0px 0px 30px 0px;\n}\n<\/style>\n\t<\/div>\n\n\t\n\n\t<div id=\"col-1538220443\" class=\"col medium-4 small-12 large-4\"  >\n\t\t\t\t<div class=\"col-inner\"  >\n\t\t\t\n\t\t\t\n<h4 class=\"uppercase\">emideira details<\/h4>\n<div class=\"is-divider divider clearfix\" style=\"margin-top:0.7em;margin-bottom:0.7em;max-width:100%;height:5px;background-color:rgb(0, 68, 57);\"><\/div>\n<p>Company code:\u00a0<strong>304738320<\/strong><\/p>\n<p>VAT code:\u00a0<strong>LT100011354314<\/strong><\/p>\n<p>A.\/s.:\u00a0<strong>LT147300010153953645<\/strong><\/p>\n<p>Swedbank AB, SWIFT:\u00a0<strong>HABALT22<\/strong><\/p>\n\n\t\t<div class=\"icon-box featured-box icon-box-left text-left\"  >\n\t\t\t\t\t<div class=\"icon-box-img\" style=\"width: 20px\">\n\t\t\t\t<div class=\"icon\">\n\t\t\t\t\t<div class=\"icon-inner\" style=\"color:rgb(0, 68, 57);\">\n\t\t\t\t\t\t<svg xmlns=\"http:\/\/www.w3.org\/2000\/svg\" width=\"24.17\" height=\"15.696\" viewBox=\"0 0 24.17 15.696\">\r\n  <path id=\"envelope\" d=\"M0,.5V16.2H24.17V.5ZM22.1,1.916,12.085,9.774,2.065,1.916ZM1.416,14.78V3.207l10.669,8.367L22.754,3.207V14.78Zm0,0\" transform=\"translate(0 -0.5)\" fill=\"#fff\"\/>\r\n<\/svg>\r\n\t\t\t\t\t<\/div>\n\t\t\t\t<\/div>\n\t\t\t<\/div>\n\t\t\t\t<div class=\"icon-box-text last-reset\">\n\t\t\t\t\t\t\t\t\t\n<p>E-mail: \u00a0<strong><a href=\"mailto:info@emideira.lt\">info@emideira.lt<\/a><\/strong><\/p>\n\t\t<\/div>\n\t<\/div>\n\t\n\t\n\t<div id=\"gap-601474464\" class=\"gap-element clearfix\" style=\"display:block; height:auto;\">\n\t\t\n<style>\n#gap-601474464 {\n  padding-top: 10px;\n}\n<\/style>\n\t<\/div>\n\t\n\n\t\t<div class=\"icon-box featured-box icon-box-left text-left\"  >\n\t\t\t\t\t<div class=\"icon-box-img\" style=\"width: 20px\">\n\t\t\t\t<div class=\"icon\">\n\t\t\t\t\t<div class=\"icon-inner\" style=\"color:rgb(0, 68, 57);\">\n\t\t\t\t\t\t<img loading=\"lazy\" decoding=\"async\" width=\"216\" height=\"300\" src=\"https:\/\/emideira.lt\/wp-content\/uploads\/2022\/03\/location.svg\" class=\"attachment-medium size-medium\" alt=\"\" \/>\t\t\t\t\t<\/div>\n\t\t\t\t<\/div>\n\t\t\t<\/div>\n\t\t\t\t<div class=\"icon-box-text last-reset\">\n\t\t\t\t\t\t\t\t\t\n<p>Address: <strong>\u017dalgirio 4A, Juragi\u0173 k., LT-53286 Kauno r.<\/strong><\/p>\n\t\t<\/div>\n\t<\/div>\n\t\n\t\n\t\t<\/div>\n\t\t\t\t\t<\/div>\n\n\t\n<\/div>\n\t\t<\/div>\n\n\t\t\n<style>\n#section_1211430700 {\n  padding-top: 30px;\n  padding-bottom: 30px;\n}\n#section_1211430700 .ux-shape-divider--top svg {\n  height: 150px;\n  --divider-top-width: 100%;\n}\n#section_1211430700 .ux-shape-divider--bottom svg {\n  height: 150px;\n  --divider-width: 100%;\n}\n<\/style>\n\t<\/section>\n\t\n\t<section class=\"section\" id=\"section_858382877\">\n\t\t<div class=\"bg section-bg fill bg-fill  bg-loaded\" >\n\n\t\t\t\n\t\t\t\n\t\t\t\n\n\t\t<\/div>\n\n\t\t\n\n\t\t<div class=\"section-content relative\">\n\t\t\t\n<div class=\"row\" style=\"max-width:90%\" id=\"row-1654874629\">\n\n\t<div id=\"col-662741968\" class=\"col small-12 large-12\"  >\n\t\t\t\t<div class=\"col-inner\"  >\n\t\t\t\n\t\t\t\n<h4 class=\"uppercase\" style=\"font-weight: 400;\">Production<\/h4>\n<div class=\"row\"  id=\"row-851586803\">\n\n\t<div id=\"col-1422863177\" class=\"col small-12 large-12\"  >\n\t\t\t\t<div class=\"col-inner\"  >\n\t\t\t\n\t\t\t\n\t<div class=\"img has-hover x md-x lg-x y md-y lg-y\" id=\"image_270900048\">\n\t\t\t\t\t\t\t\t<div class=\"img-inner dark\" >\n\t\t\t<img loading=\"lazy\" decoding=\"async\" width=\"1568\" height=\"689\" src=\"https:\/\/emideira.lt\/wp-content\/uploads\/2022\/04\/Group-224.png\" class=\"attachment-original size-original\" alt=\"\" srcset=\"https:\/\/emideira.lt\/wp-content\/uploads\/2022\/04\/Group-224.png 1568w, https:\/\/emideira.lt\/wp-content\/uploads\/2022\/04\/Group-224-300x132.png 300w, https:\/\/emideira.lt\/wp-content\/uploads\/2022\/04\/Group-224-1024x450.png 1024w, https:\/\/emideira.lt\/wp-content\/uploads\/2022\/04\/Group-224-768x337.png 768w, https:\/\/emideira.lt\/wp-content\/uploads\/2022\/04\/Group-224-1536x675.png 1536w, https:\/\/emideira.lt\/wp-content\/uploads\/2022\/04\/Group-224-900x395.png 900w\" sizes=\"auto, (max-width: 1568px) 100vw, 1568px\" \/>\t\t\t\t\t\t\n\t\t\t\t\t<\/div>\n\t\t\t\t\t\t\t\t\n<style>\n#image_270900048 {\n  width: 100%;\n}\n<\/style>\n\t<\/div>\n\t\n\t\t<\/div>\n\t\t\t\t\t<\/div>\n\n\t\n<\/div>\n\t\t<\/div>\n\t\t\t\t\t<\/div>\n\n\t\n<\/div>\n\t\t<\/div>\n\n\t\t\n<style>\n#section_858382877 {\n  padding-top: 69px;\n  padding-bottom: 69px;\n}\n#section_858382877 .ux-shape-divider--top svg {\n  height: 150px;\n  --divider-top-width: 100%;\n}\n#section_858382877 .ux-shape-divider--bottom svg {\n  height: 150px;\n  --divider-width: 100%;\n}\n<\/style>\n\t<\/section>\n\t\n","protected":false},"excerpt":{"rendered":"","protected":false},"author":1,"featured_media":0,"parent":0,"menu_order":0,"comment_status":"closed","ping_status":"closed","template":"page-blank.php","meta":{"inline_featured_image":false,"footnotes":""},"class_list":["post-720","page","type-page","status-publish","hentry"],"yoast_head":"<!-- This site is optimized with the Yoast SEO plugin v27.4 - https:\/\/yoast.com\/product\/yoast-seo-wordpress\/ -->\n<title>Contacts - Emideira<\/title>\n<meta name=\"robots\" content=\"index, follow, max-snippet:-1, max-image-preview:large, max-video-preview:-1\" \/>\n<link rel=\"canonical\" href=\"https:\/\/emideira.lt\/kontaktai\/\" \/>\n<meta property=\"og:locale\" content=\"en_US\" \/>\n<meta property=\"og:type\" content=\"article\" \/>\n<meta property=\"og:title\" content=\"Contacts - Emideira\" \/>\n<meta property=\"og:url\" content=\"https:\/\/emideira.lt\/kontaktai\/\" \/>\n<meta property=\"og:site_name\" content=\"Emideira\" \/>\n<meta property=\"article:modified_time\" content=\"2022-04-26T12:52:15+00:00\" \/>\n<meta name=\"twitter:card\" content=\"summary_large_image\" \/>\n<meta name=\"twitter:label1\" content=\"Est. reading time\" \/>\n\t<meta name=\"twitter:data1\" content=\"2 minutes\" \/>\n<script type=\"application\/ld+json\" class=\"yoast-schema-graph\">{\"@context\":\"https:\\\/\\\/schema.org\",\"@graph\":[{\"@type\":\"WebPage\",\"@id\":\"https:\\\/\\\/emideira.lt\\\/kontaktai\\\/\",\"url\":\"https:\\\/\\\/emideira.lt\\\/kontaktai\\\/\",\"name\":\"Contacts - Emideira\",\"isPartOf\":{\"@id\":\"http:\\\/\\\/emideira.lt\\\/#website\"},\"datePublished\":\"2022-03-18T12:53:32+00:00\",\"dateModified\":\"2022-04-26T12:52:15+00:00\",\"breadcrumb\":{\"@id\":\"https:\\\/\\\/emideira.lt\\\/kontaktai\\\/#breadcrumb\"},\"inLanguage\":\"en-US\",\"potentialAction\":[{\"@type\":\"ReadAction\",\"target\":[\"https:\\\/\\\/emideira.lt\\\/kontaktai\\\/\"]}]},{\"@type\":\"BreadcrumbList\",\"@id\":\"https:\\\/\\\/emideira.lt\\\/kontaktai\\\/#breadcrumb\",\"itemListElement\":[{\"@type\":\"ListItem\",\"position\":1,\"name\":\"Home\",\"item\":\"https:\\\/\\\/emideira.lt\\\/en\\\/\"},{\"@type\":\"ListItem\",\"position\":2,\"name\":\"Contacts\"}]},{\"@type\":\"WebSite\",\"@id\":\"http:\\\/\\\/emideira.lt\\\/#website\",\"url\":\"http:\\\/\\\/emideira.lt\\\/\",\"name\":\"Emideira\",\"description\":\"Inkilai\",\"potentialAction\":[{\"@type\":\"SearchAction\",\"target\":{\"@type\":\"EntryPoint\",\"urlTemplate\":\"http:\\\/\\\/emideira.lt\\\/?s={search_term_string}\"},\"query-input\":{\"@type\":\"PropertyValueSpecification\",\"valueRequired\":true,\"valueName\":\"search_term_string\"}}],\"inLanguage\":\"en-US\"}]}<\/script>\n<!-- \/ Yoast SEO plugin. -->","yoast_head_json":{"title":"Contacts - Emideira","robots":{"index":"index","follow":"follow","max-snippet":"max-snippet:-1","max-image-preview":"max-image-preview:large","max-video-preview":"max-video-preview:-1"},"canonical":"https:\/\/emideira.lt\/kontaktai\/","og_locale":"en_US","og_type":"article","og_title":"Contacts - Emideira","og_url":"https:\/\/emideira.lt\/kontaktai\/","og_site_name":"Emideira","article_modified_time":"2022-04-26T12:52:15+00:00","twitter_card":"summary_large_image","twitter_misc":{"Est. reading time":"2 minutes"},"schema":{"@context":"https:\/\/schema.org","@graph":[{"@type":"WebPage","@id":"https:\/\/emideira.lt\/kontaktai\/","url":"https:\/\/emideira.lt\/kontaktai\/","name":"Contacts - Emideira","isPartOf":{"@id":"http:\/\/emideira.lt\/#website"},"datePublished":"2022-03-18T12:53:32+00:00","dateModified":"2022-04-26T12:52:15+00:00","breadcrumb":{"@id":"https:\/\/emideira.lt\/kontaktai\/#breadcrumb"},"inLanguage":"en-US","potentialAction":[{"@type":"ReadAction","target":["https:\/\/emideira.lt\/kontaktai\/"]}]},{"@type":"BreadcrumbList","@id":"https:\/\/emideira.lt\/kontaktai\/#breadcrumb","itemListElement":[{"@type":"ListItem","position":1,"name":"Home","item":"https:\/\/emideira.lt\/en\/"},{"@type":"ListItem","position":2,"name":"Contacts"}]},{"@type":"WebSite","@id":"http:\/\/emideira.lt\/#website","url":"http:\/\/emideira.lt\/","name":"Emideira","description":"Inkilai","potentialAction":[{"@type":"SearchAction","target":{"@type":"EntryPoint","urlTemplate":"http:\/\/emideira.lt\/?s={search_term_string}"},"query-input":{"@type":"PropertyValueSpecification","valueRequired":true,"valueName":"search_term_string"}}],"inLanguage":"en-US"}]}},"_links":{"self":[{"href":"https:\/\/emideira.lt\/en\/wp-json\/wp\/v2\/pages\/720","targetHints":{"allow":["GET"]}}],"collection":[{"href":"https:\/\/emideira.lt\/en\/wp-json\/wp\/v2\/pages"}],"about":[{"href":"https:\/\/emideira.lt\/en\/wp-json\/wp\/v2\/types\/page"}],"author":[{"embeddable":true,"href":"https:\/\/emideira.lt\/en\/wp-json\/wp\/v2\/users\/1"}],"replies":[{"embeddable":true,"href":"https:\/\/emideira.lt\/en\/wp-json\/wp\/v2\/comments?post=720"}],"version-history":[{"count":0,"href":"https:\/\/emideira.lt\/en\/wp-json\/wp\/v2\/pages\/720\/revisions"}],"wp:attachment":[{"href":"https:\/\/emideira.lt\/en\/wp-json\/wp\/v2\/media?parent=720"}],"curies":[{"name":"wp","href":"https:\/\/api.w.org\/{rel}","templated":true}]}}